{"id":60,"date":"2015-06-01T09:54:35","date_gmt":"2015-06-01T08:54:35","guid":{"rendered":"https:\/\/tiralo.org\/en\/?page_id=60"},"modified":"2015-07-10T14:29:12","modified_gmt":"2015-07-10T13:29:12","slug":"tiralo-2-spare-parts","status":"publish","type":"page","link":"https:\/\/tiralo.org\/en\/spare-parts-maintenance\/tiralo-2-spare-parts\/","title":{"rendered":"Tiralo 2 spare parts"},"content":{"rendered":"<div class=\"imprime_efface\">The TIRALO 2 is a robust product. However, a part may wear out over time. <\/p>\n<p>At the end of the winter, as you prepare for the next beach season, make sure that your Tiralo is in good condition. If you notice for example that a tyre is worn or flat, that the seat fabric was torn by accident, or that a screw, a clip or safety sticker have been lost, make a list of the missing or defective spare parts<strong> using the drawing provided<\/strong> <strong>(<a href=\"https:\/\/tiralo.org\/en\/wp-content\/uploads\/2015\/07\/tiralo2-english.pdf\" target=\"_blank\">click here<\/a>)<\/strong> and the list below.<\/p>\n<p><strong>To order spare parts,<a href=\"#\" onClick=\"window.print()\">click here to print the table<\/a><\/strong><br \/>\n<a href=\"https:\/\/tiralo.org\/en\/wp-content\/uploads\/2015\/07\/tiralo2-english.pdf\" target=\"_blank\">Tiralo 2 spare parts drawing<\/a><\/div>\n<table class=\"tableau\">\n<caption>Table des pi\u00e8ces d\u00e9tach\u00e9es du Tiralo 2<\/caption>\n<thead>\n<tr>\n<td>Code<\/td>\n<td>SPARE PART DESCRIPTION<\/td>\n<td>Spare part number<\/td>\n<\/tr>\n<\/thead>\n<tbody>\n<tr>\n<td>1<\/td>\n<td>Black front wheel retainer ring<\/td>\n<td><\/td>\n<\/tr>\n<tr>\n<td>2<\/td>\n<td>Wheel<\/td>\n<td><\/td>\n<\/tr>\n<tr>\n<td>3<\/td>\n<td>Front fork or wheel clip<\/td>\n<td><\/td>\n<\/tr>\n<tr>\n<td>4<\/td>\n<td>Backrest fastening black butterfly screw<\/td>\n<td><\/td>\n<\/tr>\n<tr>\n<td>5<\/td>\n<td>Float<\/td>\n<td><\/td>\n<\/tr>\n<tr>\n<td>6<\/td>\n<td>Backrest fabric<\/td>\n<td><\/td>\n<\/tr>\n<tr>\n<td>7<\/td>\n<td>Seat fabric<\/td>\n<td><\/td>\n<\/tr>\n<tr>\n<td>8<\/td>\n<td>Yellow guard<\/td>\n<td><\/td>\n<\/tr>\n<tr>\n<td>9<\/td>\n<td>Stainless steel butterfly screw to fasten the guard<\/td>\n<td><\/td>\n<\/tr>\n<tr>\n<td>10<\/td>\n<td>Main frame with strengthener and wheel spindles<\/td>\n<td><\/td>\n<\/tr>\n<tr>\n<td>11<\/td>\n<td>Aluminium backrest<\/td>\n<td><\/td>\n<\/tr>\n<tr>\n<td>12<\/td>\n<td>Backrest hinge incl. a threaded pin + 2 screws + washer<\/td>\n<td><\/td>\n<\/tr>\n<tr>\n<td>13<\/td>\n<td>Float fastening screw + stainless steel strut<\/td>\n<td><\/td>\n<\/tr>\n<tr>\n<td>14<\/td>\n<td>Tow bar fastening Velcro + 2 screws<\/td>\n<td><\/td>\n<\/tr>\n<tr>\n<td>15<\/td>\n<td>Tow bar + handle + cap diam. 25 + hinge lug<\/td>\n<td><\/td>\n<\/tr>\n<tr>\n<td>16<\/td>\n<td>Tow bar handle<\/td>\n<td><\/td>\n<\/tr>\n<tr>\n<td>17<\/td>\n<td>Fork pivot ring<\/td>\n<td><\/td>\n<\/tr>\n<tr>\n<td>18<\/td>\n<td>Fork<\/td>\n<td><\/td>\n<\/tr>\n<tr>\n<td>19<\/td>\n<td>Stainless steel rear wheel spindle + 2 rivets<\/td>\n<td><\/td>\n<\/tr>\n<tr>\n<td>20<\/td>\n<td>Set of black plastic tube end caps<\/td>\n<td><\/td>\n<\/tr>\n<\/tbody>\n<\/table>\n<p>For any questions, contact us<\/p>\n<ul>\n<li>by telephone: +33 (0)5 59 32 85 23 \u2013 +33 (0)5 59 32 80 08<\/li>\n<li>by fax: +33 (0)5 59 13 89 51<\/li>\n<li>by email: tiralo@tiralo.org \u2013 esat@enso64.fr<\/li>\n<li>by mail: ESAT l\u2019Ensoleillade 10-12 av. Joseph Gay Lussac \u2013 64140 LONS<\/li>\n<\/ul>\n<p>We will answer you as soon as possible to help with your enquiries.<\/p>\n","protected":false},"excerpt":{"rendered":"<p>The TIRALO 2 is a robust product. However, a part may wear out over time. At the end of the winter, as you prepare for the next beach season, make sure that your Tiralo is in good condition. If you notice for example that a tyre is worn or flat, that the seat fabric was [&hellip;]<\/p>\n","protected":false},"author":3,"featured_media":0,"parent":51,"menu_order":0,"comment_status":"closed","ping_status":"open","template":"","meta":{"footnotes":""},"class_list":["post-60","page","type-page","status-publish","hentry"],"yoast_head":"<!-- This site is optimized with the Yoast SEO plugin v27.5 - https:\/\/yoast.com\/product\/yoast-seo-wordpress\/ -->\n<title>Tiralo 2 spare parts - Tiralo<\/title>\n<meta name=\"robots\" content=\"index, follow, max-snippet:-1, max-image-preview:large, max-video-preview:-1\" \/>\n<link rel=\"canonical\" href=\"https:\/\/tiralo.org\/en\/spare-parts-maintenance\/tiralo-2-spare-parts\/\" \/>\n<meta property=\"og:locale\" content=\"en_GB\" \/>\n<meta property=\"og:type\" content=\"article\" \/>\n<meta property=\"og:title\" content=\"Tiralo 2 spare parts - Tiralo\" \/>\n<meta property=\"og:description\" content=\"The TIRALO 2 is a robust product. However, a part may wear out over time. At the end of the winter, as you prepare for the next beach season, make sure that your Tiralo is in good condition. If you notice for example that a tyre is worn or flat, that the seat fabric was [&hellip;]\" \/>\n<meta property=\"og:url\" content=\"https:\/\/tiralo.org\/en\/spare-parts-maintenance\/tiralo-2-spare-parts\/\" \/>\n<meta property=\"og:site_name\" content=\"Tiralo\" \/>\n<meta property=\"article:modified_time\" content=\"2015-07-10T13:29:12+00:00\" \/>\n<meta name=\"twitter:label1\" content=\"Estimated reading time\" \/>\n\t<meta name=\"twitter:data1\" content=\"1 minute\" \/>\n<script type=\"application\/ld+json\" class=\"yoast-schema-graph\">{\"@context\":\"https:\\\/\\\/schema.org\",\"@graph\":[{\"@type\":\"WebPage\",\"@id\":\"https:\\\/\\\/tiralo.org\\\/en\\\/spare-parts-maintenance\\\/tiralo-2-spare-parts\\\/\",\"url\":\"https:\\\/\\\/tiralo.org\\\/en\\\/spare-parts-maintenance\\\/tiralo-2-spare-parts\\\/\",\"name\":\"Tiralo 2 spare parts - Tiralo\",\"isPartOf\":{\"@id\":\"https:\\\/\\\/tiralo.org\\\/en\\\/#website\"},\"datePublished\":\"2015-06-01T08:54:35+00:00\",\"dateModified\":\"2015-07-10T13:29:12+00:00\",\"breadcrumb\":{\"@id\":\"https:\\\/\\\/tiralo.org\\\/en\\\/spare-parts-maintenance\\\/tiralo-2-spare-parts\\\/#breadcrumb\"},\"inLanguage\":\"en-GB\",\"potentialAction\":[{\"@type\":\"ReadAction\",\"target\":[\"https:\\\/\\\/tiralo.org\\\/en\\\/spare-parts-maintenance\\\/tiralo-2-spare-parts\\\/\"]}]},{\"@type\":\"BreadcrumbList\",\"@id\":\"https:\\\/\\\/tiralo.org\\\/en\\\/spare-parts-maintenance\\\/tiralo-2-spare-parts\\\/#breadcrumb\",\"itemListElement\":[{\"@type\":\"ListItem\",\"position\":1,\"name\":\"Home\",\"item\":\"https:\\\/\\\/tiralo.org\\\/en\\\/\"},{\"@type\":\"ListItem\",\"position\":2,\"name\":\"Spare parts, maintenance\",\"item\":\"https:\\\/\\\/tiralo.org\\\/en\\\/spare-parts-maintenance\\\/\"},{\"@type\":\"ListItem\",\"position\":3,\"name\":\"Tiralo 2 spare parts\"}]},{\"@type\":\"WebSite\",\"@id\":\"https:\\\/\\\/tiralo.org\\\/en\\\/#website\",\"url\":\"https:\\\/\\\/tiralo.org\\\/en\\\/\",\"name\":\"Tiralo\",\"description\":\"The bathing wheelchair for people with disabilities\",\"potentialAction\":[{\"@type\":\"SearchAction\",\"target\":{\"@type\":\"EntryPoint\",\"urlTemplate\":\"https:\\\/\\\/tiralo.org\\\/en\\\/?s={search_term_string}\"},\"query-input\":{\"@type\":\"PropertyValueSpecification\",\"valueRequired\":true,\"valueName\":\"search_term_string\"}}],\"inLanguage\":\"en-GB\"}]}<\/script>\n<!-- \/ Yoast SEO plugin. -->","yoast_head_json":{"title":"Tiralo 2 spare parts - Tiralo","robots":{"index":"index","follow":"follow","max-snippet":"max-snippet:-1","max-image-preview":"max-image-preview:large","max-video-preview":"max-video-preview:-1"},"canonical":"https:\/\/tiralo.org\/en\/spare-parts-maintenance\/tiralo-2-spare-parts\/","og_locale":"en_GB","og_type":"article","og_title":"Tiralo 2 spare parts - Tiralo","og_description":"The TIRALO 2 is a robust product. However, a part may wear out over time. At the end of the winter, as you prepare for the next beach season, make sure that your Tiralo is in good condition. If you notice for example that a tyre is worn or flat, that the seat fabric was [&hellip;]","og_url":"https:\/\/tiralo.org\/en\/spare-parts-maintenance\/tiralo-2-spare-parts\/","og_site_name":"Tiralo","article_modified_time":"2015-07-10T13:29:12+00:00","twitter_misc":{"Estimated reading time":"1 minute"},"schema":{"@context":"https:\/\/schema.org","@graph":[{"@type":"WebPage","@id":"https:\/\/tiralo.org\/en\/spare-parts-maintenance\/tiralo-2-spare-parts\/","url":"https:\/\/tiralo.org\/en\/spare-parts-maintenance\/tiralo-2-spare-parts\/","name":"Tiralo 2 spare parts - Tiralo","isPartOf":{"@id":"https:\/\/tiralo.org\/en\/#website"},"datePublished":"2015-06-01T08:54:35+00:00","dateModified":"2015-07-10T13:29:12+00:00","breadcrumb":{"@id":"https:\/\/tiralo.org\/en\/spare-parts-maintenance\/tiralo-2-spare-parts\/#breadcrumb"},"inLanguage":"en-GB","potentialAction":[{"@type":"ReadAction","target":["https:\/\/tiralo.org\/en\/spare-parts-maintenance\/tiralo-2-spare-parts\/"]}]},{"@type":"BreadcrumbList","@id":"https:\/\/tiralo.org\/en\/spare-parts-maintenance\/tiralo-2-spare-parts\/#breadcrumb","itemListElement":[{"@type":"ListItem","position":1,"name":"Home","item":"https:\/\/tiralo.org\/en\/"},{"@type":"ListItem","position":2,"name":"Spare parts, maintenance","item":"https:\/\/tiralo.org\/en\/spare-parts-maintenance\/"},{"@type":"ListItem","position":3,"name":"Tiralo 2 spare parts"}]},{"@type":"WebSite","@id":"https:\/\/tiralo.org\/en\/#website","url":"https:\/\/tiralo.org\/en\/","name":"Tiralo","description":"The bathing wheelchair for people with disabilities","potentialAction":[{"@type":"SearchAction","target":{"@type":"EntryPoint","urlTemplate":"https:\/\/tiralo.org\/en\/?s={search_term_string}"},"query-input":{"@type":"PropertyValueSpecification","valueRequired":true,"valueName":"search_term_string"}}],"inLanguage":"en-GB"}]}},"_links":{"self":[{"href":"https:\/\/tiralo.org\/en\/wp-json\/wp\/v2\/pages\/60","targetHints":{"allow":["GET"]}}],"collection":[{"href":"https:\/\/tiralo.org\/en\/wp-json\/wp\/v2\/pages"}],"about":[{"href":"https:\/\/tiralo.org\/en\/wp-json\/wp\/v2\/types\/page"}],"author":[{"embeddable":true,"href":"https:\/\/tiralo.org\/en\/wp-json\/wp\/v2\/users\/3"}],"replies":[{"embeddable":true,"href":"https:\/\/tiralo.org\/en\/wp-json\/wp\/v2\/comments?post=60"}],"version-history":[{"count":7,"href":"https:\/\/tiralo.org\/en\/wp-json\/wp\/v2\/pages\/60\/revisions"}],"predecessor-version":[{"id":96,"href":"https:\/\/tiralo.org\/en\/wp-json\/wp\/v2\/pages\/60\/revisions\/96"}],"up":[{"embeddable":true,"href":"https:\/\/tiralo.org\/en\/wp-json\/wp\/v2\/pages\/51"}],"wp:attachment":[{"href":"https:\/\/tiralo.org\/en\/wp-json\/wp\/v2\/media?parent=60"}],"curies":[{"name":"wp","href":"https:\/\/api.w.org\/{rel}","templated":true}]}}